{"id":20053,"date":"2026-03-30T08:59:24","date_gmt":"2026-03-30T11:59:24","guid":{"rendered":"https:\/\/formacion.uflo.edu.ar\/?post_type=product&#038;p=20053"},"modified":"2026-04-13T11:53:27","modified_gmt":"2026-04-13T14:53:27","slug":"curso-los-cuatro-elementos-en-las-infraestructuras-verdes-tierra-agua-aire-y-fuego","status":"publish","type":"product","link":"https:\/\/formacion.uflo.edu.ar\/index.php\/producto\/curso-los-cuatro-elementos-en-las-infraestructuras-verdes-tierra-agua-aire-y-fuego\/","title":{"rendered":"Curso: Los Cuatro Elementos en las Infraestructuras Verdes: tierra, agua, aire y fuego"},"content":{"rendered":"<p><!DOCTYPE html><br \/>\n<html lang=\"es\"><br \/>\n<head><br \/>\n<meta charset=\"UTF-8\"><br \/>\n<meta name=\"viewport\" content=\"width=device-width, initial-scale=1\"><\/p>\n<style>\nbody {\n  font-family: Arial, sans-serif;\n  color: #333;\n  font-size: 13px;\n}\nh2 {\n  color: #004080;\n  font-size: 2.4em;\n  margin-bottom: 5px;\n}\nh3 {\n  color: #004080;\n}\nh3.section-header {\n  font-size: 1.2em;\n  border-bottom: 2px solid #004080;\n  padding-bottom: 5px;\n  margin-top: 60px;\n}\n.section {\n  margin-bottom: 40px;\n}\n.content-section {\n  margin-left: 15px;\n}\n.course-description,\n.course-content {\n  white-space: pre-wrap;\n}\n.info-list p {\n  margin: 0;\n  padding: 2px 0;\n  line-height: 1.5;\n  margin-bottom: 10px;\n}\n.objectives-list {\n  list-style: none;\n  padding-left: 0;\n  margin-top: 10px;\n}\n.objectives-list li {\n  margin-bottom: 8px;\n}\n#indice {\n  background-color: #f0f8ff;\n  border-left: 4px solid #004080;\n  padding: 15px;\n  margin-bottom: 60px;\n  margin-top: 30px;\n}\n#indice ul {\n  list-style: none;\n  padding-left: 0;\n  font-size: 1.05em;\n}\n#indice ul li {\n  margin-bottom: 8px;\n}\n#indice a {\n  color: #004080;\n  text-decoration: none;\n}\n#indice a:hover {\n  text-decoration: underline;\n}\n#indice h3 {\n  margin-top: 0;\n  font-size: 1.2em;\n  color: #004080;\n}\n.section + .section {\n  margin-top: 50px;<\/p>\n<p>\/* \u2705 CORRECCI\u00d3N: cerrar correctamente la media query *\/\n@media (max-width: 768px) {\n  body {\n    font-size: 11px;\n  }\n  h2 {\n    font-size: 1.6em;\n  }\n  h3.section-header {\n    font-size: 1em;\n  }\n  #indice ul {\n    font-size: 1em;\n  }\n  .section .content-section {\n    font-size: 0.95em;\n  }\n}<\/p>\n<p>\/* Ajustes globales m\u00e1s peque\u00f1os *\/\n.content-section,\n.info-list,\n.course-content,\n.course-description {\n  font-size: 0.9em;\n  line-height: 1.3;\n}<\/p>\n<p>\/* Asegura que los textos en m\u00f3vil se vean m\u00e1s peque\u00f1os *\/\n@media (max-width: 768px) {\n  .content-section,\n  .info-list,\n  .course-content,\n  .course-description {\n    font-size: 0.8em;\n    line-height: 1.3;\n  }\n}<\/p>\n<\/style>\n<p><a id=\"top\"><\/a><\/p>\n<div class=\"intro-detalle\">\n<h2>Curso: Los cuatro elementos en las infraestructuras verdes: tierra, agua, aire y fuego<\/h2>\n<p><strong>Direcci\u00f3n:<\/strong> Ing. Anal\u00eda Figueira.<br \/>\n<strong>Coordinaci\u00f3n acad\u00e9mica:<\/strong> Mg. T\u00e9c. Andrea Seoane<\/p>\n<p>El curso aborda los fundamentos te\u00f3ricos de las infraestructuras verdes en entornos urbanos, tomando como eje los cuatro elementos de la naturaleza: aire, tierra, agua y fuego. A lo largo del recorrido se analizan los distintos tipos de infraestructuras verdes, sus componentes y funciones, as\u00ed como las variables ambientales que influyen en el desarrollo de la vegetaci\u00f3n en sistemas urbanos.<br \/>\nSe profundiza en el diagn\u00f3stico de los espacios, el estudio de los medios de crecimiento (suelos y sustratos), los requerimientos h\u00eddricos y la eficiencia en el uso del agua, junto con los principios de gesti\u00f3n, instalaci\u00f3n, mantenimiento y monitoreo de estos sistemas. El enfoque integra conceptos t\u00e9cnicos y ambientales que permiten comprender el funcionamiento sist\u00e9mico de las infraestructuras verdes y su importancia frente a los desaf\u00edos del cambio clim\u00e1tico y la urbanizaci\u00f3n.<\/p>\n<div id=\"indice\">\n<h3>\ud83d\udd0e Saber m\u00e1s<\/h3>\n<ul>\n<li><a href=\"#info\"><i class=\"fas fa-info-circle\"><\/i> Informaci\u00f3n general<\/a><\/li>\n<li><a href=\"#destinatarios\"><i class=\"fas fa-users\"><\/i> Destinatarios y requisitos de ingreso<\/a><\/li>\n<li><a href=\"#objetivos\"><i class=\"fas fa-bullseye\"><\/i> Objetivos del programa<\/a><\/li>\n<li><a href=\"#contenidos\"><i class=\"fas fa-book\"><\/i> Contenidos del curso<\/a><\/li>\n<li><a href=\"#Pol\u00edticas de contrataci\u00f3n\"><i class=\"fas fa-info-circle\"><\/i> Pol\u00edticas de contrataci\u00f3n<\/a><\/li>\n<\/ul>\n<\/div>\n<div id=\"info\" class=\"section\">\n<h3 class=\"section-header\"><i class=\"fas fa-info-circle\"><\/i> Informaci\u00f3n general<\/h3>\n<div class=\"content-section info-list\">\n<p><strong>Duraci\u00f3n:<\/strong> 2 meses<br \/>\n<strong>Fecha de inicio:<\/strong> 02\/05\/2026<br \/>\n<strong>Fecha de finalizaci\u00f3n:<\/strong> 27\/06\/2026<br \/>\n<strong>Modalidad:<\/strong> H\u00edbrido: virtual + presencial (Sede CABA)<br \/>\n<strong>Clases virtuales:<\/strong> s\u00e1bados 2\/5, 16\/5, 6\/6 y 27\/6 de 10:00 a 13:00 hs<br \/>\n<strong>Clases presenciales:<\/strong> s\u00e1bados 9\/5, 23\/5, 30\/5, 13\/6 y 20\/6 de 10:00 a 13:00 hs<br \/>\n<strong>Certificaci\u00f3n:<\/strong> Certificado digital de aprobaci\u00f3n al finalizar el curso<\/p>\n<\/div>\n<\/div>\n<div id=\"destinatarios\" class=\"section\">\n<h3 class=\"section-header\"><i class=\"fas fa-users\"><\/i> Destinatarios y requisitos de ingreso<\/h3>\n<div class=\"content-section\">\n<p>Profesionales interesados en el dise\u00f1o y la gesti\u00f3n de infraestructuras verdes. <\/p>\n<\/div>\n<\/div>\n<div id=\"objetivos\" class=\"section\">\n<h3 class=\"section-header\"><i class=\"fas fa-bullseye\"><\/i> Objetivos del programa<\/h3>\n<div class=\"content-section\">\n<p><strong>Objetivo general:<\/strong><br \/>\nAdquirir herramientas b\u00e1sicas para reconocer las variables que intervienen en las infraestructuras verdes reconociendo la implicancia ambiental en cada una. A su vez, Desarrollar habilidades para identificar los componentes del sistemas  que afectan el establecimiento de las plantas en estructuras verdes urbanas.<\/p>\n<p><strong>Objetivos espec\u00edficos:<\/strong><br \/>\n\u25cf Desarrollar capacidades de observaci\u00f3n de puntos cr\u00edticos en implementaci\u00f3n de la vegetaci\u00f3n.<br \/>\n\u25cf Conocer aspectos b\u00e1sicos para la materializaci\u00f3n de estructuras verdes.<br \/>\n\u25cf Adquirir metodolog\u00edas para el manejo de la vegetaci\u00f3n.<br \/>\n\u25cf Identificar las acciones de mantenimiento.<br \/>\n\u25cf Monitorear las estructuras verdes en su funci\u00f3n sist\u00e9mica: soporte &#8211; vegetaci\u00f3n &#8211; ambiente<\/p>\n<\/div>\n<\/div>\n<div id=\"Contenidos\" class=\"section\">\n<h3 class=\"section-header\"><i class=\"fas fa-bullseye\"><\/i> Contenidos<\/h3>\n<div class=\"content-section\">\n<p><strong>M\u00f3dulo 1: aire<\/strong><br \/>\nInfraestructuras verdes. Tipos. Componentes. Usos.<br \/>\nPunto de partida, el diagn\u00f3stico. \u00bfQue observar, que registrar?. Relevamiento bi\u00f3tico y abi\u00f3tico. <\/p>\n<p><strong>M\u00f3dulo 2: tierra<\/strong><br \/>\nMedios de crecimiento: suelos naturales, suelos modificados.<br \/>\nMedios de crecimiento: sustratos. <\/p>\n<p><strong>M\u00f3dulo 3: agua<\/strong><br \/>\nRequerimiento h\u00eddrico de la planta, capacidad de contenedor. Escorrent\u00eda urbana.<br \/>\nOferta y demanda. Sistemas de riego. Eficiencia. <\/p>\n<p><strong>M\u00f3dulo 4: fuego<\/strong><br \/>\nGesti\u00f3n de la obra. Puntos claves en la instalaci\u00f3n. Tareas de mantenimiento y monitoreo. <\/p>\n<p><strong>M\u00f3dulo 5: pr\u00e1ctica en el laboratorio<\/strong><br \/>\nEjercicio de integraci\u00f3n en un espacio real: En la Escuela Hall, Subsede Facultad de Agronom\u00eda UBA.<br \/>\nElaboraci\u00f3n de un diagn\u00f3stico de cierre: En la Universidad de Flores. <\/p>\n<\/div>\n<\/div>\n<\/div>\n<h3 class=\"section-header\">\n  <i class=\"fas fa-info-circle\"><\/i> Pol\u00edticas de contrataci\u00f3n<br \/>\n<\/h3>\n<div class=\"content-section\">\n<ul>\n<li style=\"font-size: 15px;\"><strong>Apertura de actividades:<\/strong> La apertura de cursos o diplomaturas se encuentra sujeta a la cantidad de matriculados al momento del inicio.<br \/>\n<strong>Pol\u00edticas de pago:<\/strong> El participante deber\u00e1 completar el pago para confirmar su inscripci\u00f3n, independientemente de que la actividad haya iniciado o no.<br \/>\n<strong>Aranceles:<\/strong> medios de pago habilitados: Mercado Pago (tarjetas de d\u00e9bito y cr\u00e9dito, cuotas sin inter\u00e9s con tarjetas bancarias, dinero en cuenta y efectivo a trav\u00e9s de Pagof\u00e1cil \/ Rapipago).<br \/>\n<strong>Pol\u00edtica de descuentos:<\/strong> El descuento Comunidad UFLO (25%) aplica \u00fanicamente a estudiantes y graduados de carreras de grado o posgrado. Los estudiantes de Formaci\u00f3n Continua cuentan con un 10% de descuento, aplicable al inscribirse en dos cursos en simult\u00e1neo. Los cupones de descuento no son acumulables y deber\u00e1n aplicarse previo a la realizaci\u00f3n del pago. Una vez efectuada la compra, no se reintegrar\u00e1 la diferencia correspondiente al descuento.<br \/>\n<strong>Pol\u00edtica de cancelaci\u00f3n previo al inicio del curso:<\/strong> La instituci\u00f3n no realiza devoluciones por arrepentimiento de compra. Solo se reintegrar\u00e1 el dinero en caso de suspensi\u00f3n, cancelaci\u00f3n o reprogramaci\u00f3n del curso por parte de Formaci\u00f3n Continua. <strong>Pol\u00edtica de cancelaci\u00f3n durante la cursada:<\/strong> El participante deber\u00e1 solicitar la baja enviando un correo electr\u00f3nico a formacion.continua@uflouniversidad.edu.ar, indicando en el asunto: SOLICITUD DE BAJA \u2013 \u201cNombre del Curso\/actividad\u201d. En el cuerpo del mensaje deber\u00e1 consignar sus datos personales (nombre completo y DNI). No se realizar\u00e1 reintegro del dinero, ya que el curso se abona en su totalidad al momento de la inscripci\u00f3n.<br \/>\n<strong>Pol\u00edtica de sustituci\u00f3n:<\/strong> En caso de no poder participar en el curso o diplomatura, el participante podr\u00e1, siempre que lo comunique antes de la fecha de inicio, utilizar el importe abonado en otra actividad de Formaci\u00f3n Continua.<br \/>\nLa inscripci\u00f3n en el curso o diplomatura implica la lectura, comprensi\u00f3n y aceptaci\u00f3n plena de las presentes pol\u00edticas de contrataci\u00f3n por parte del participante.<\/li>\n<\/ul>\n<ul>\n<li class=\"no-bullet\" style=\"font-size: 17px;\"><strong>Preguntas frecuentes<\/strong><\/li>\n<li style=\"font-size: 15px;\"><strong>\u00bfEl curso\/diplomatura otorga puntaje docente?<\/strong><br \/>\nAquellos programas que posean puntaje docente lo indicar\u00e1n en la informaci\u00f3n general de la actividad.<br \/>\n<strong>\u00bfSe otorga t\u00edtulo habilitante?<\/strong><br \/>\nLa instituci\u00f3n extiende certificado online de asistencia o participaci\u00f3n, no t\u00edtulo habilitante. Las diplomaturas pertenecen al \u00e1mbito de la formaci\u00f3n continua y no revisten car\u00e1cter de carrera, por lo que no otorgan t\u00edtulos, sino certificados (DNGU DOCUS N.\u00ba 3, Inc. 12).<br \/>\nSe solicita completar correctamente los datos personales, ya que constituyen el registro institucional y ser\u00e1n utilizados para la emisi\u00f3n de certificados y\/o constancias.<\/li>\n<\/ul>\n<style>\nli.no-bullet {\n  list-style: none;\n  margin-left: 0;\n}\n<\/style>\n","protected":false},"excerpt":{"rendered":"<p>Curso: Los cuatro elementos en las infraestructuras verdes: tierra, agua, aire y fuego Direcci\u00f3n: Ing. Anal\u00eda Figueira. Coordinaci\u00f3n acad\u00e9mica: Mg. T\u00e9c. Andrea Seoane El curso aborda los fundamentos te\u00f3ricos de las infraestructuras verdes en entornos urbanos, tomando como eje los cuatro elementos de la naturaleza: aire, tierra, agua y fuego. A lo largo del recorrido [&hellip;]<\/p>\n","protected":false},"featured_media":20214,"template":"","meta":{"ocean_post_layout":"","ocean_both_sidebars_style":"","ocean_both_sidebars_content_width":0,"ocean_both_sidebars_sidebars_width":0,"ocean_sidebar":"0","ocean_second_sidebar":"0","ocean_disable_margins":"enable","ocean_add_body_class":"","ocean_shortcode_before_top_bar":"","ocean_shortcode_after_top_bar":"","ocean_shortcode_before_header":"","ocean_shortcode_after_header":"","ocean_has_shortcode":"","ocean_shortcode_after_title":"","ocean_shortcode_before_footer_widgets":"","ocean_shortcode_after_footer_widgets":"","ocean_shortcode_before_footer_bottom":"","ocean_shortcode_after_footer_bottom":"","ocean_display_top_bar":"default","ocean_display_header":"default","ocean_header_style":"","ocean_center_header_left_menu":"0","ocean_custom_header_template":"0","ocean_custom_logo":0,"ocean_custom_retina_logo":0,"ocean_custom_logo_max_width":0,"ocean_custom_logo_tablet_max_width":0,"ocean_custom_logo_mobile_max_width":0,"ocean_custom_logo_max_height":0,"ocean_custom_logo_tablet_max_height":0,"ocean_custom_logo_mobile_max_height":0,"ocean_header_custom_menu":"0","ocean_menu_typo_font_family":"0","ocean_menu_typo_font_subset":"","ocean_menu_typo_font_size":0,"ocean_menu_typo_font_size_tablet":0,"ocean_menu_typo_font_size_mobile":0,"ocean_menu_typo_font_size_unit":"px","ocean_menu_typo_font_weight":"","ocean_menu_typo_font_weight_tablet":"","ocean_menu_typo_font_weight_mobile":"","ocean_menu_typo_transform":"","ocean_menu_typo_transform_tablet":"","ocean_menu_typo_transform_mobile":"","ocean_menu_typo_line_height":0,"ocean_menu_typo_line_height_tablet":0,"ocean_menu_typo_line_height_mobile":0,"ocean_menu_typo_line_height_unit":"","ocean_menu_typo_spacing":0,"ocean_menu_typo_spacing_tablet":0,"ocean_menu_typo_spacing_mobile":0,"ocean_menu_typo_spacing_unit":"","ocean_menu_link_color":"","ocean_menu_link_color_hover":"","ocean_menu_link_color_active":"","ocean_menu_link_background":"","ocean_menu_link_hover_background":"","ocean_menu_link_active_background":"","ocean_menu_social_links_bg":"","ocean_menu_social_hover_links_bg":"","ocean_menu_social_links_color":"","ocean_menu_social_hover_links_color":"","ocean_disable_title":"default","ocean_disable_heading":"default","ocean_post_title":"","ocean_post_subheading":"","ocean_post_title_style":"","ocean_post_title_background_color":"","ocean_post_title_background":0,"ocean_post_title_bg_image_position":"","ocean_post_title_bg_image_attachment":"","ocean_post_title_bg_image_repeat":"","ocean_post_title_bg_image_size":"","ocean_post_title_height":0,"ocean_post_title_bg_overlay":0.5,"ocean_post_title_bg_overlay_color":"","ocean_disable_breadcrumbs":"default","ocean_breadcrumbs_color":"","ocean_breadcrumbs_separator_color":"","ocean_breadcrumbs_links_color":"","ocean_breadcrumbs_links_hover_color":"","ocean_display_footer_widgets":"default","ocean_display_footer_bottom":"default","ocean_custom_footer_template":"0"},"product_brand":[],"product_cat":[1005],"product_tag":[],"class_list":{"0":"post-20053","1":"product","2":"type-product","3":"status-publish","4":"has-post-thumbnail","6":"product_cat-diseno-y-creatividad","8":"entry","9":"has-media","11":"first","12":"instock","13":"sold-individually","14":"shipping-taxable","15":"purchasable","16":"product-type-simple","17":"has-product-nav","18":"col","19":"span_1_of_3","20":"owp-content-center","21":"item-entry","22":"owp-thumbs-layout-horizontal","23":"owp-btn-normal","24":"owp-tabs-layout-horizontal","25":"has-no-thumbnails"},"_links":{"self":[{"href":"https:\/\/formacion.uflo.edu.ar\/index.php\/wp-json\/wp\/v2\/product\/20053","targetHints":{"allow":["GET"]}}],"collection":[{"href":"https:\/\/formacion.uflo.edu.ar\/index.php\/wp-json\/wp\/v2\/product"}],"about":[{"href":"https:\/\/formacion.uflo.edu.ar\/index.php\/wp-json\/wp\/v2\/types\/product"}],"wp:featuredmedia":[{"embeddable":true,"href":"https:\/\/formacion.uflo.edu.ar\/index.php\/wp-json\/wp\/v2\/media\/20214"}],"wp:attachment":[{"href":"https:\/\/formacion.uflo.edu.ar\/index.php\/wp-json\/wp\/v2\/media?parent=20053"}],"wp:term":[{"taxonomy":"product_brand","embeddable":true,"href":"https:\/\/formacion.uflo.edu.ar\/index.php\/wp-json\/wp\/v2\/product_brand?post=20053"},{"taxonomy":"product_cat","embeddable":true,"href":"https:\/\/formacion.uflo.edu.ar\/index.php\/wp-json\/wp\/v2\/product_cat?post=20053"},{"taxonomy":"product_tag","embeddable":true,"href":"https:\/\/formacion.uflo.edu.ar\/index.php\/wp-json\/wp\/v2\/product_tag?post=20053"}],"curies":[{"name":"wp","href":"https:\/\/api.w.org\/{rel}","templated":true}]}}